{"id":1184,"date":"2024-12-29T10:49:46","date_gmt":"2024-12-29T10:49:46","guid":{"rendered":"https:\/\/kayakcrews.eu\/attivita\/"},"modified":"2025-02-05T11:13:41","modified_gmt":"2025-02-05T11:13:41","slug":"attivita","status":"publish","type":"page","link":"https:\/\/kayakcrews.eu\/it\/attivita\/","title":{"rendered":"Attivit\u00e0"},"content":{"rendered":"\n<div class=\"wp-block-uagb-container uagb-block-92f3aa19 alignfull uagb-is-root-container\"><div class=\"uagb-container-inner-blocks-wrap\">\n<div class=\"wp-block-uagb-advanced-heading uagb-block-c7b21669\"><h1 class=\"uagb-heading-text\">Attivit\u00e0 di Kc4u<\/h1><\/div>\n<\/div><\/div>\n\n<div class=\"wp-block-uagb-container uagb-block-a1aa09d9 alignfull uagb-is-root-container\"><div class=\"uagb-container-inner-blocks-wrap\">\n<div class=\"wp-block-uagb-advanced-heading uagb-block-b15d389b\"><h2 class=\"uagb-heading-text\"><strong>Aiuta i giovani a raggiungere il loro pieno potenziale!<\/strong><\/h2><\/div>\n\n\n\n<div class=\"wp-block-uagb-separator uagb-block-952a63c4\"><div class=\"wp-block-uagb-separator__inner\" style=\"--my-background-image:\"><\/div><\/div>\n\n\n\n<div class=\"wp-block-uagb-advanced-heading uagb-block-e132ecf7\"><h5 class=\"uagb-heading-text\">Nell&#8217;ambito del programma<em> Erasmus+ Sport <\/em>dell&#8217;UE, i partecipanti di Kc4u provenienti dalla Slovenia e dall&#8217;Italia si sono riuniti per partecipare a una serie di attivit\u00e0 da dicembre 2023 ad agosto 2024.<\/h5><\/div>\n\n\n\n<div class=\"wp-block-uagb-container uagb-block-4f33c2e3\">\n<figure class=\"wp-block-embed is-type-video is-provider-youtube wp-block-embed-youtube wp-embed-aspect-16-9 wp-has-aspect-ratio\"><div class=\"wp-block-embed__wrapper\">\n<iframe loading=\"lazy\" title=\"Introducing Kayak Crews 4 Youth\" width=\"500\" height=\"281\" src=\"https:\/\/www.youtube.com\/embed\/jyl1tcnWg3w?feature=oembed\" frameborder=\"0\" allow=\"accelerometer; autoplay; clipboard-write; encrypted-media; gyroscope; picture-in-picture; web-share\" referrerpolicy=\"strict-origin-when-cross-origin\" allowfullscreen><\/iframe>\n<\/div><\/figure>\n<\/div>\n<\/div><\/div>\n\n<div class=\"wp-block-uagb-container uagb-block-a13ca1bc alignfull uagb-is-root-container\"><div class=\"uagb-container-inner-blocks-wrap\">\n<div class=\"wp-block-uagb-container uagb-block-0733d89a\">\n<div class=\"wp-block-uagb-info-box uagb-block-a687a8a0 uagb-infobox__content-wrap  uagb-infobox-icon-above-title uagb-infobox-image-valign-top\"><div class=\"uagb-ifb-content\"><div class=\"uagb-ifb-title-wrap\"><h3 class=\"uagb-ifb-title\">Eventi scolastici Kc4u<\/h3><\/div><p class=\"uagb-ifb-desc\"><strong>581 bambini<\/strong> hanno partecipato ai 19 eventi pratici di kayak in equipaggio in 4 scuole in Sardegna e Slovenia. Con il <strong>47,8%<\/strong> dei partecipanti che <strong>non<\/strong> sapeva che il kayak \u00e8 uno sport competitivo, gli eventi hanno sensibilizzato i ragazzi coinvolgendoli attivamente in divertenti attivit\u00e0 sportive di squadra. <strong>37 atleti Kc4u<\/strong> hanno partecipato a un workshop di formazione prima di assistere i loro compagni nelle 10 stazioni di attivit\u00e0. <\/p><div class=\"uagb-ifb-separator\"><\/div><\/div><\/div>\n<\/div>\n\n\n\n<div class=\"wp-block-uagb-container uagb-block-5220d895\">\n<div class=\"wp-block-uagb-info-box uagb-block-7a59cdf4 uagb-infobox__content-wrap  uagb-infobox-icon-above-title uagb-infobox-image-valign-top\"><div class=\"uagb-ifb-content\"><div class=\"uagb-ifb-title-wrap\"><h3 class=\"uagb-ifb-title\">Giornate aperte K4<\/h3><\/div><p class=\"uagb-ifb-desc\">Nelle settimane successive agli eventi K4 In-school, i bambini della zona hanno avuto l&#8217;opportunit\u00e0 di uscire in acqua e provare gratuitamente il K4 presso il Circolo Nautico Oristano e il Kajak Klub Zlatorog.<\/p><div class=\"uagb-ifb-separator\"><\/div><\/div><\/div>\n<\/div>\n\n\n\n<div class=\"wp-block-uagb-container uagb-block-a5f6a4c9\">\n<div class=\"wp-block-uagb-info-box uagb-block-03e9da57 uagb-infobox__content-wrap  uagb-infobox-icon-above-title uagb-infobox-image-valign-top\"><div class=\"uagb-ifb-content\"><div class=\"uagb-ifb-title-wrap\"><h3 class=\"uagb-ifb-title\">Giornata nazionale K4<\/h3><\/div><p class=\"uagb-ifb-desc\">Il Kc4u ha tenuto il primo evento di K4 su larga scala in Slovenia presso il lago Bohinj. L&#8217;evento ha combinato un allenamento mattutino con una gara di K4 nel pomeriggio. 8 club sloveni e il CNO hanno partecipato all&#8217;evento con <strong>78 concorrenti<\/strong> che hanno formato <strong>42<\/strong> equipaggi di K4 singoli e misti.    <\/p><div class=\"uagb-ifb-separator\"><\/div><\/div><\/div>\n<\/div>\n\n\n\n<div class=\"wp-block-uagb-container uagb-block-61a595c8\">\n<div class=\"wp-block-uagb-info-box uagb-block-26a5224f uagb-infobox__content-wrap  uagb-infobox-icon-above-title uagb-infobox-image-valign-top\"><div class=\"uagb-ifb-content\"><div class=\"uagb-ifb-title-wrap\"><h3 class=\"uagb-ifb-title\">Campi internazionali K4<\/h3><\/div><p class=\"uagb-ifb-desc\">I campi internazionali di K4 invernali ed estivi hanno sfidato i partecipanti di et\u00e0 compresa tra gli 8 e i 16 anni a pagaiare in equipaggi di K4 misti per sesso e nazionalit\u00e0. 16 atleti hanno partecipato al campo invernale a Cabras (Sardegna) e 28 atleti hanno preso parte al campo estivo sul lago Bohinj (Slovenia). Il 52% dei partecipanti al campo Kc4u era di sesso femminile.   <\/p><div class=\"uagb-ifb-separator\"><\/div><\/div><\/div>\n<\/div>\n\n\n\n<div class=\"wp-block-uagb-container uagb-block-749fb1c4\">\n<div class=\"wp-block-uagb-info-box uagb-block-565a0a29 uagb-infobox__content-wrap  uagb-infobox-icon-above-title uagb-infobox-image-valign-top\"><div class=\"uagb-ifb-content\"><div class=\"uagb-ifb-title-wrap\"><h3 class=\"uagb-ifb-title\">Azioni ambientali, culturali e artistiche<\/h3><\/div><p class=\"uagb-ifb-desc\">Il Beach Clean-up in Sardegna ha visto <strong>45 partecipanti<\/strong> raccogliere <strong>73 <\/strong>grandi sacchi di rifiuti e molti altri oggetti pi\u00f9 grandi. Guidati dall&#8217;artista locale <a href=\"https:\/\/www.instagram.com\/andreapala.or\/\" data-type=\"link\" data-id=\"https:\/\/www.instagram.com\/andreapala.or\/\" target=\"_blank\" rel=\"noreferrer noopener\">Andrea Pala<\/a>, i partecipanti hanno poi utilizzato i rifiuti raccolti sulla spiaggia per creare opere d&#8217;arte. <br\/><br\/>I partecipanti al campo sono stati coinvolti anche in un concorso di design di magliette e in diverse escursioni culturali e ambientali.  <br\/><br\/><\/p><div class=\"uagb-ifb-separator\"><\/div><\/div><\/div>\n<\/div>\n\n\n\n<div class=\"wp-block-uagb-container uagb-block-aa0d63b6\">\n<div class=\"wp-block-uagb-info-box uagb-block-472b367f uagb-infobox__content-wrap  uagb-infobox-icon-above-title uagb-infobox-image-valign-top\"><div class=\"uagb-ifb-content\"><div class=\"uagb-ifb-title-wrap\"><h3 class=\"uagb-ifb-title\">Apprendimento delle lingue straniere<\/h3><\/div><p class=\"uagb-ifb-desc\">I partecipanti e lo staff hanno comunicato tra loro in un mix di inglese, italiano e sloveno. Per migliorare l&#8217;apprendimento della lingua, i partecipanti al campo hanno completato le seguenti attivit\u00e0: <br\/>&#8211; Kc4u <strong><a href=\"https:\/\/kayakcrews.eu\/it\/risorse\/\" data-type=\"page\" data-id=\"782\">Corso trilingue sul kayak<\/a><\/strong> (un&#8217;applicazione progettata da Kc4u con il coinvolgimento degli atleti)<br\/>&#8211; Corsi online di <strong>EU Academy<\/strong>, <em>My English A1<\/em> e <em>My Italian A1<\/em><br\/>&#8211; <strong>Scuola di italiano di KKZ<\/strong><br\/>&#8211; <strong>Quiz linguistici in diretta<\/strong> di Kc4u<br\/>&#8211; <strong>Riprese<\/strong> di video di social media trilingue <\/p><div class=\"uagb-ifb-separator\"><\/div><\/div><\/div>\n<\/div>\n<\/div><\/div>\n\n<div class=\"wp-block-uagb-container uagb-block-c8f2cf41 alignfull uagb-is-root-container\"><div class=\"uagb-container-inner-blocks-wrap\">\n<div class=\"wp-block-uagb-advanced-heading uagb-block-fccfbf18\"><h2 class=\"uagb-heading-text\">Il nostro impatto<\/h2><div class=\"uagb-separator\"><\/div><\/div>\n<\/div><\/div>\n\n<div class=\"wp-block-uagb-container uagb-block-d9ef2b6f alignfull uagb-is-root-container\"><div class=\"uagb-container-inner-blocks-wrap\">\n<div class=\"wp-block-uagb-image uagb-block-81d08227 wp-block-uagb-image--layout-default wp-block-uagb-image--effect-static wp-block-uagb-image--align-none\"><figure class=\"wp-block-uagb-image__figure\"><img decoding=\"async\" srcset=\"https:\/\/kayakcrews.eu\/wp-content\/uploads\/2025\/01\/1-2-1.jpg ,https:\/\/kayakcrews.eu\/wp-content\/uploads\/2025\/01\/1-2-1.jpg 780w, https:\/\/kayakcrews.eu\/wp-content\/uploads\/2025\/01\/1-2-1.jpg 360w\" sizes=\"auto, (max-width: 480px) 150px\" src=\"https:\/\/kayakcrews.eu\/wp-content\/uploads\/2025\/01\/1-2-1.jpg\" alt=\"\" class=\"uag-image-1528\" width=\"430\" height=\"500\" title=\"Kc4u Giornata aperta\" loading=\"lazy\" role=\"img\"><\/figure><\/div>\n\n\n\n<div class=\"wp-block-uagb-advanced-heading uagb-block-1d2b29cd\"><h3 class=\"uagb-heading-text\">Prime esperienze in K4<\/h3><div class=\"uagb-separator\"><\/div><\/div>\n\n\n\n<div class=\"wp-block-uagb-advanced-heading uagb-block-023628b3\"><p class=\"uagb-desc-text\">Per la maggior parte dei partecipanti al progetto sloveno, il Kc4u \u00e8 stata la prima volta in cui hanno regatato e gareggiato in K4. \u00c8 stata anche la prima volta in cui i participanti hanno regatato in equipaggi di <em>nazionalit\u00e0 mista<\/em>. <\/p><\/div>\n<\/div><\/div>\n\n<div class=\"wp-block-uagb-container uagb-block-e82debc1 alignfull uagb-is-root-container\"><div class=\"uagb-container-inner-blocks-wrap\">\n<div class=\"wp-block-uagb-advanced-heading uagb-block-f81670e2\"><h3 class=\"uagb-heading-text\">Nuove collaborazioni e amicizie transfrontaliere<\/h3><div class=\"uagb-separator\"><\/div><\/div>\n\n\n\n<div class=\"wp-block-uagb-advanced-heading uagb-block-8924cbaa\"><p class=\"uagb-desc-text\">Fare nuove amicizie, viaggiare all&#8217;estero e pagaiare in K4 misti sono stati i tre aspetti del progetto pi\u00f9 apprezzati dai partecipanti.<\/p><\/div>\n\n\n\n<div class=\"wp-block-uagb-image uagb-block-a0555acc wp-block-uagb-image--layout-default wp-block-uagb-image--effect-static wp-block-uagb-image--align-none\"><figure class=\"wp-block-uagb-image__figure\"><img decoding=\"async\" srcset=\"https:\/\/kayakcrews.eu\/wp-content\/uploads\/2025\/01\/Untitled-design-8.jpg ,https:\/\/kayakcrews.eu\/wp-content\/uploads\/2025\/01\/Untitled-design-8.jpg 780w, https:\/\/kayakcrews.eu\/wp-content\/uploads\/2025\/01\/Untitled-design-8.jpg 360w\" sizes=\"auto, (max-width: 480px) 150px\" src=\"https:\/\/kayakcrews.eu\/wp-content\/uploads\/2025\/01\/Untitled-design-8.jpg\" alt=\"\" class=\"uag-image-1561\" width=\"430\" height=\"500\" title=\"Kc4u Escursione al lago di Bled\" loading=\"lazy\" role=\"img\"><\/figure><\/div>\n<\/div><\/div>\n\n<div class=\"wp-block-uagb-container uagb-block-39e2af3e alignfull uagb-is-root-container\"><div class=\"uagb-container-inner-blocks-wrap\">\n<div class=\"wp-block-uagb-image uagb-block-35a2e8a0 wp-block-uagb-image--layout-default wp-block-uagb-image--effect-static wp-block-uagb-image--align-none\"><figure class=\"wp-block-uagb-image__figure\"><img decoding=\"async\" srcset=\"https:\/\/kayakcrews.eu\/wp-content\/uploads\/2025\/01\/Kc4u-SLO-kids.jpg ,https:\/\/kayakcrews.eu\/wp-content\/uploads\/2025\/01\/Kc4u-SLO-kids.jpg 780w, https:\/\/kayakcrews.eu\/wp-content\/uploads\/2025\/01\/Kc4u-SLO-kids.jpg 360w\" sizes=\"auto, (max-width: 480px) 150px\" src=\"https:\/\/kayakcrews.eu\/wp-content\/uploads\/2025\/01\/Kc4u-SLO-kids.jpg\" alt=\"\" class=\"uag-image-1550\" width=\"430\" height=\"500\" title=\"Kc4u Bambini SLO\" loading=\"lazy\" role=\"img\"><\/figure><\/div>\n\n\n\n<div class=\"wp-block-uagb-advanced-heading uagb-block-c2737b84\"><h3 class=\"uagb-heading-text\">Portare i sogni a portata di mano dei bambini<\/h3><div class=\"uagb-separator\"><\/div><\/div>\n\n\n\n<div class=\"wp-block-uagb-advanced-heading uagb-block-8f5e1c01\"><p class=\"uagb-desc-text\">Kc4u ha offerto opportunit\u00e0 uniche ed entusiasmanti a giovani che incontrano molte barriere nei confronti dei viaggi e delle esperienze internazionali.<\/p><\/div>\n<\/div><\/div>\n\n<div class=\"wp-block-uagb-container uagb-block-c7992d3b alignfull uagb-is-root-container\"><div class=\"uagb-container-inner-blocks-wrap\">\n<div class=\"wp-block-uagb-info-box uagb-block-322fd59a uagb-infobox__content-wrap  uagb-infobox-icon-above-title uagb-infobox-image-valign-top\"><div class=\"uagb-ifb-content\"><div class=\"uagb-ifb-title-wrap\"><span class=\"uagb-ifb-title-prefix\">FARE LA DIFFERENZA<\/span><h2 class=\"uagb-ifb-title\">Unisciti a noi per coinvolgere pi\u00f9 giovani nello sport!<\/h2><\/div><div class=\"uagb-ifb-button-wrapper wp-block-button\"><a href=\"https:\/\/kayakcrews.eu\/it\/risorse\/\" class=\"uagb-infobox-cta-link wp-block-button__link\" target=\"_self\" rel=\"noopener noreferrer\" onclick=\"return true;\"><span class=\"uagb-inline-editing\">Risorse gratuite<\/span><\/a><\/div><\/div><\/div>\n<\/div><\/div>\n","protected":false},"excerpt":{"rendered":"<p>Attivit\u00e0 di Kc4u Aiuta i giovani a raggiungere il loro pieno potenziale! Nell&#8217;ambito del programma Erasmus+ Sport dell&#8217;UE, i partecipanti di Kc4u provenienti dalla Slovenia e dall&#8217;Italia si sono riuniti per partecipare a una serie di attivit\u00e0 da dicembre 2023 ad agosto 2024. Il nostro impatto Prime esperienze in K4 Per la maggior parte dei [&hellip;]<\/p>\n","protected":false},"author":1,"featured_media":0,"parent":0,"menu_order":0,"comment_status":"closed","ping_status":"closed","template":"","meta":{"_uag_custom_page_level_css":"","site-sidebar-layout":"no-sidebar","site-content-layout":"page-builder","ast-site-content-layout":"full-width-container","site-content-style":"unboxed","site-sidebar-style":"unboxed","ast-global-header-display":"","ast-banner-title-visibility":"","ast-main-header-display":"","ast-hfb-above-header-display":"","ast-hfb-below-header-display":"","ast-hfb-mobile-header-display":"","site-post-title":"disabled","ast-breadcrumbs-content":"","ast-featured-img":"disabled","footer-sml-layout":"","ast-disable-related-posts":"","theme-transparent-header-meta":"enabled","adv-header-id-meta":"","stick-header-meta":"","header-above-stick-meta":"","header-main-stick-meta":"","header-below-stick-meta":"","astra-migrate-meta-layouts":"default","ast-page-background-enabled":"default","ast-page-background-meta":{"desktop":{"background-color":"var(--ast-global-color-4)","background-image":"","background-repeat":"repeat","background-position":"center center","background-size":"auto","background-attachment":"scroll","background-type":"","background-media":"","overlay-type":"","overlay-color":"","overlay-opacity":"","overlay-gradient":""},"tablet":{"background-color":"","background-image":"","background-repeat":"repeat","background-position":"center center","background-size":"auto","background-attachment":"scroll","background-type":"","background-media":"","overlay-type":"","overlay-color":"","overlay-opacity":"","overlay-gradient":""},"mobile":{"background-color":"","background-image":"","background-repeat":"repeat","background-position":"center center","background-size":"auto","background-attachment":"scroll","background-type":"","background-media":"","overlay-type":"","overlay-color":"","overlay-opacity":"","overlay-gradient":""}},"ast-content-background-meta":{"desktop":{"background-color":"var(--ast-global-color-5)","background-image":"","background-repeat":"repeat","background-position":"center center","background-size":"auto","background-attachment":"scroll","background-type":"","background-media":"","overlay-type":"","overlay-color":"","overlay-opacity":"","overlay-gradient":""},"tablet":{"background-color":"var(--ast-global-color-5)","background-image":"","background-repeat":"repeat","background-position":"center center","background-size":"auto","background-attachment":"scroll","background-type":"","background-media":"","overlay-type":"","overlay-color":"","overlay-opacity":"","overlay-gradient":""},"mobile":{"background-color":"var(--ast-global-color-5)","background-image":"","background-repeat":"repeat","background-position":"center center","background-size":"auto","background-attachment":"scroll","background-type":"","background-media":"","overlay-type":"","overlay-color":"","overlay-opacity":"","overlay-gradient":""}},"footnotes":""},"class_list":["post-1184","page","type-page","status-publish","hentry"],"uagb_featured_image_src":{"full":false,"thumbnail":false,"medium":false,"medium_large":false,"large":false,"1536x1536":false,"2048x2048":false},"uagb_author_info":{"display_name":"kajakzlatorog@gmail.com","author_link":"https:\/\/kayakcrews.eu\/it\/author\/kajakzlatoroggmail-com\/"},"uagb_comment_info":0,"uagb_excerpt":"Attivit\u00e0 di Kc4u Aiuta i giovani a raggiungere il loro pieno potenziale! Nell&#8217;ambito del programma Erasmus+ Sport dell&#8217;UE, i partecipanti di Kc4u provenienti dalla Slovenia e dall&#8217;Italia si sono riuniti per partecipare a una serie di attivit\u00e0 da dicembre 2023 ad agosto 2024. Il nostro impatto Prime esperienze in K4 Per la maggior parte dei&hellip;","_links":{"self":[{"href":"https:\/\/kayakcrews.eu\/it\/wp-json\/wp\/v2\/pages\/1184","targetHints":{"allow":["GET"]}}],"collection":[{"href":"https:\/\/kayakcrews.eu\/it\/wp-json\/wp\/v2\/pages"}],"about":[{"href":"https:\/\/kayakcrews.eu\/it\/wp-json\/wp\/v2\/types\/page"}],"author":[{"embeddable":true,"href":"https:\/\/kayakcrews.eu\/it\/wp-json\/wp\/v2\/users\/1"}],"replies":[{"embeddable":true,"href":"https:\/\/kayakcrews.eu\/it\/wp-json\/wp\/v2\/comments?post=1184"}],"version-history":[{"count":29,"href":"https:\/\/kayakcrews.eu\/it\/wp-json\/wp\/v2\/pages\/1184\/revisions"}],"predecessor-version":[{"id":2621,"href":"https:\/\/kayakcrews.eu\/it\/wp-json\/wp\/v2\/pages\/1184\/revisions\/2621"}],"wp:attachment":[{"href":"https:\/\/kayakcrews.eu\/it\/wp-json\/wp\/v2\/media?parent=1184"}],"curies":[{"name":"wp","href":"https:\/\/api.w.org\/{rel}","templated":true}]}}