{"id":1148,"date":"2024-12-29T10:49:46","date_gmt":"2024-12-29T10:49:46","guid":{"rendered":"https:\/\/kayakcrews.eu\/o-podjetju-kc4u\/"},"modified":"2025-01-30T22:33:59","modified_gmt":"2025-01-30T22:33:59","slug":"o-podjetju-kc4u","status":"publish","type":"page","link":"https:\/\/kayakcrews.eu\/sl\/o-podjetju-kc4u\/","title":{"rendered":"O projektu Kc4u"},"content":{"rendered":"\n<div class=\"wp-block-uagb-container uagb-block-c44d4222 alignfull uagb-is-root-container\"><div class=\"uagb-container-inner-blocks-wrap\">\n<div class=\"wp-block-uagb-advanced-heading uagb-block-59e8c2b5\"><h1 class=\"uagb-heading-text\">O projektu Kc4u<\/h1><\/div>\n<\/div><\/div>\n\n\n\n<div class=\"wp-block-uagb-container uagb-block-881d64b2 alignfull uagb-is-root-container\"><div class=\"uagb-container-inner-blocks-wrap\">\n<div class=\"wp-block-uagb-advanced-heading uagb-block-a75a3ac7\"><h2 class=\"uagb-heading-text\">Cilji in naloge projekta<\/h2><\/div>\n\n\n\n<div class=\"wp-block-uagb-separator uagb-block-519f7c3c\"><div class=\"wp-block-uagb-separator__inner\" style=\"--my-background-image:\"><\/div><\/div>\n\n\n\n<div class=\"wp-block-columns is-layout-flex wp-container-core-columns-is-layout-1 wp-block-columns-is-layout-flex\" style=\"padding-top:var(--wp--preset--spacing--50);padding-right:var(--wp--preset--spacing--20);padding-bottom:var(--wp--preset--spacing--50);padding-left:var(--wp--preset--spacing--20)\">\n<div class=\"wp-block-column is-layout-flow wp-block-column-is-layout-flow\" style=\"flex-basis:33.33%\">\n<div class=\"wp-block-uagb-advanced-heading uagb-block-312dbd6e\"><h5 class=\"uagb-heading-text\">Cilj projekta Kc4u je opolnomo\u010diti mlade \u0161portnike, da postanejo ambasadorji bolj zdru\u017eene in vklju\u010dujo\u010de Evrope s kajakom K4, v ekipah me\u0161anih po spolu in narodnosti, hkrati pa pove\u010dati \u0161portno udele\u017ebo mladih in navdihniti ve\u010d \u0161portnikov za tekmovanje v kajakih K4 (kajaki za 4 osebe).<\/h5><\/div>\n<\/div>\n\n\n\n<div class=\"wp-block-column is-layout-flow wp-block-column-is-layout-flow\" style=\"flex-basis:66.66%\">\n<div class=\"wp-block-group is-nowrap is-layout-flex wp-container-core-group-is-layout-1 wp-block-group-is-layout-flex\"><\/div>\n<\/div>\n<\/div>\n\n\n\t\t\t\t\t<div\n\t\t\t\t\t\tclass=\"wp-block-uagb-image-gallery uagb-block-ee3f463b     \"\n\t\t\t\t\t\tstyle=\"\"\n\t\t\t\t\t>\n\t\t\t\t\t\t\t\t\t\t\t<div class=\"spectra-image-gallery spectra-image-gallery__layout--grid spectra-image-gallery__layout--grid-col-3 spectra-image-gallery__layout--grid-col-tab-3 spectra-image-gallery__layout--grid-col-mob-1\">\n\t\t\t\t\t\t\t\t\t\t\t<div class='spectra-image-gallery__media-wrapper' data-spectra-gallery-image-id='1748' tabindex=\"0\">\n\t\t\t\t\t\t\t<div class=\"spectra-image-gallery__media spectra-image-gallery__media--grid\">\n\t\t\t\t<picture>\n\t\t\t\t\t<source media=\"(min-width: 1024px)\" srcset=\"https:\/\/kayakcrews.eu\/wp-content\/uploads\/2025\/01\/29.jpg\">\n\t\t\t\t\t<source media=\"(min-width: 768px)\" srcset=\"https:\/\/kayakcrews.eu\/wp-content\/uploads\/2025\/01\/29.jpg\">\n\t\t\t\t\t<img decoding=\"async\" class=\"spectra-image-gallery__media-thumbnail spectra-image-gallery__media-thumbnail--grid\" src=\"https:\/\/kayakcrews.eu\/wp-content\/uploads\/2025\/01\/29.jpg\" alt=\"\" loading=\"lazy\" \/>\n\t\t\t\t<\/picture>\n\t\t\t\t<div class=\"spectra-image-gallery__media-thumbnail-blurrer\"><\/div>\n\t\t\t\t\t\t\t\t\t\t\t<div class=\"spectra-image-gallery__media-thumbnail-caption-wrapper spectra-image-gallery__media-thumbnail-caption-wrapper--overlay\"><\/div>\n\t\t\t\t\t\t\t\t<\/div>\n\t\t\t\t\t\t<\/div>\n\t\t\t\t\t\t<div class='spectra-image-gallery__media-wrapper' data-spectra-gallery-image-id='1757' tabindex=\"0\">\n\t\t\t\t\t\t\t<div class=\"spectra-image-gallery__media spectra-image-gallery__media--grid\">\n\t\t\t\t<picture>\n\t\t\t\t\t<source media=\"(min-width: 1024px)\" srcset=\"https:\/\/kayakcrews.eu\/wp-content\/uploads\/2025\/01\/32.jpg\">\n\t\t\t\t\t<source media=\"(min-width: 768px)\" srcset=\"https:\/\/kayakcrews.eu\/wp-content\/uploads\/2025\/01\/32.jpg\">\n\t\t\t\t\t<img decoding=\"async\" class=\"spectra-image-gallery__media-thumbnail spectra-image-gallery__media-thumbnail--grid\" src=\"https:\/\/kayakcrews.eu\/wp-content\/uploads\/2025\/01\/32.jpg\" alt=\"\" loading=\"lazy\" \/>\n\t\t\t\t<\/picture>\n\t\t\t\t<div class=\"spectra-image-gallery__media-thumbnail-blurrer\"><\/div>\n\t\t\t\t\t\t\t\t\t\t\t<div class=\"spectra-image-gallery__media-thumbnail-caption-wrapper spectra-image-gallery__media-thumbnail-caption-wrapper--overlay\"><\/div>\n\t\t\t\t\t\t\t\t<\/div>\n\t\t\t\t\t\t<\/div>\n\t\t\t\t\t\t<div class='spectra-image-gallery__media-wrapper' data-spectra-gallery-image-id='1763' tabindex=\"0\">\n\t\t\t\t\t\t\t<div class=\"spectra-image-gallery__media spectra-image-gallery__media--grid\">\n\t\t\t\t<picture>\n\t\t\t\t\t<source media=\"(min-width: 1024px)\" srcset=\"https:\/\/kayakcrews.eu\/wp-content\/uploads\/2025\/01\/5.jpg\">\n\t\t\t\t\t<source media=\"(min-width: 768px)\" srcset=\"https:\/\/kayakcrews.eu\/wp-content\/uploads\/2025\/01\/5.jpg\">\n\t\t\t\t\t<img decoding=\"async\" class=\"spectra-image-gallery__media-thumbnail spectra-image-gallery__media-thumbnail--grid\" src=\"https:\/\/kayakcrews.eu\/wp-content\/uploads\/2025\/01\/5.jpg\" alt=\"\" loading=\"lazy\" \/>\n\t\t\t\t<\/picture>\n\t\t\t\t<div class=\"spectra-image-gallery__media-thumbnail-blurrer\"><\/div>\n\t\t\t\t\t\t\t\t\t\t\t<div class=\"spectra-image-gallery__media-thumbnail-caption-wrapper spectra-image-gallery__media-thumbnail-caption-wrapper--overlay\"><\/div>\n\t\t\t\t\t\t\t\t<\/div>\n\t\t\t\t\t\t<\/div>\n\t\t\t\t\t\t\t\t\t\t<\/div>\n\t\t\t\t\t\t\t\t\t\t\t\t\t\t\t\t\t\t<\/div>\n\t\t\t\t\t\t\t\t\t\n\n\n<div class=\"wp-block-uagb-container uagb-block-d5e82b4a\">\n<div class=\"wp-block-uagb-container uagb-block-888501e1\">\n<h5 class=\"wp-block-heading\"><strong>Kc4u je s svojimi obse\u017enimi <a href=\"https:\/\/kayakcrews.eu\/sl\/dejavnosti\/\" data-type=\"page\" data-id=\"368\">dejavnostmi<\/a> in <a href=\"https:\/\/kayakcrews.eu\/sl\/viri\/\" data-type=\"page\" data-id=\"782\">rezultati<\/a> pomagal dose\u010di naslednje cilje: zdru\u017eil je ve\u010d kot 750 otrok, starih od 8 do 18 let, iz 9 kajaka\u0161kih klubov in 4 \u0161ol na slovenskem pode\u017eelju in Sardiniji:<\/strong><\/h5>\n\n\n\n<div class=\"wp-block-uagb-container uagb-block-ab6f0a4c\">\n<ul class=\"wp-block-list\">\n<li style=\"padding-top:var(--wp--preset--spacing--30);padding-bottom:var(--wp--preset--spacing--30)\">Spodbujanje <strong>ve\u010dje povezanosti Evrope<\/strong> z izku\u0161njami na vodi in zunaj nje, ki spodbujajo izmenjavo <strong>kulture, jezik<\/strong>a in <strong>zgodovinske dedi\u0161\u010dine<\/strong>.<\/li>\n\n\n\n<li style=\"padding-top:var(--wp--preset--spacing--30);padding-bottom:var(--wp--preset--spacing--30)\">Prednostno obravnavanje in spodbujanje <strong>enakosti spolov<\/strong><\/li>\n\n\n\n<li style=\"padding-top:var(--wp--preset--spacing--30);padding-bottom:var(--wp--preset--spacing--30)\">Zagotavljanje <strong>novih prilo\u017enosti<\/strong> socialno in geografsko <strong>prikraj\u0161anim mladim<\/strong>.<\/li>\n\n\n\n<li style=\"padding-top:var(--wp--preset--spacing--30);padding-bottom:var(--wp--preset--spacing--30)\"><strong>Izbolj\u0161anje znanja ve\u010d jezikov z<\/strong> digitalnim u\u010denjem in osebnimi interakcijami<\/li>\n\n\n\n<li style=\"padding-top:var(--wp--preset--spacing--30);padding-bottom:var(--wp--preset--spacing--30)\">Pomo\u010d pri<strong> izbolj\u0161anju socialnega, fizi\u010dnega in du\u0161evnega po\u010dutja mladih<\/strong> s pomo\u010djo ekipnega \u0161porta kajaka za posadke ter razvijanje vse\u017eivljenjske ljubezni do telesne dejavnosti.<\/li>\n\n\n\n<li style=\"padding-top:var(--wp--preset--spacing--30);padding-bottom:var(--wp--preset--spacing--30)\">Povezovanje udele\u017eencev z naravnim okoljem, <strong>ozave\u0161\u010danje o onesna\u017eevanju vode <\/strong>in spodbujanje osebnega ukrepanja za njegovo odpravo.<\/li>\n\n\n\n<li style=\"padding-top:var(--wp--preset--spacing--30);padding-bottom:var(--wp--preset--spacing--30)\">vzpostavitev mednarodnega <strong>zavezni\u0161tva med \u0161portnimi klubi, \u0161olami in njihovimi skupnostmi<\/strong> z uporabo \u0161porta kot transformativnega orodja za razvoj vsestransko aktivnih dr\u017eavljanov EU.<\/li>\n\n\n\n<li style=\"padding-top:var(--wp--preset--spacing--30);padding-bottom:var(--wp--preset--spacing--30)\"><strong>pove\u010danje mobilnosti trenerjev<\/strong>, raz\u0161iritev mednarodnih mre\u017e sodelujo\u010dih organizacij ter olaj\u0161anje razvoja inovativnih praks, metod usposabljanja in virov z izmenjavo znanja, kompetenc in idej.<\/li>\n\n\n\n<li style=\"padding-top:var(--wp--preset--spacing--30);padding-bottom:var(--wp--preset--spacing--30)\">Prikaz <strong>prednosti vklju\u010devanja otrok K4 <\/strong>v klubske programe in tekmovanja<\/li>\n\n\n\n<li style=\"padding-top:var(--wp--preset--spacing--30);padding-bottom:var(--wp--preset--spacing--30)\">pomo\u010d \u0161portnim organizacijam po Evropi pri ponovitvi projekta (ali njegovih elementov), kar zagotavlja <strong>dolgoro\u010dno trajnost<\/strong> in<strong> \u0161irjenje<\/strong> koristi projekta.<\/li>\n<\/ul>\n<\/div>\n<\/div>\n<\/div>\n<\/div><\/div>\n\n\n\n<div class=\"wp-block-uagb-container uagb-block-57a5ebd4 alignfull uagb-is-root-container\"><div class=\"uagb-container-inner-blocks-wrap\">\n<div class=\"wp-block-uagb-advanced-heading uagb-block-c0f3080b\"><h2 class=\"uagb-heading-text\">Kdo smo?<\/h2><\/div>\n\n\n\n<div class=\"wp-block-uagb-separator uagb-block-b397042e\"><div class=\"wp-block-uagb-separator__inner\" style=\"--my-background-image:\"><\/div><\/div>\n\n\n\n<div class=\"wp-block-columns is-layout-flex wp-container-core-columns-is-layout-2 wp-block-columns-is-layout-flex\" style=\"padding-top:var(--wp--preset--spacing--60);padding-right:var(--wp--preset--spacing--20);padding-bottom:var(--wp--preset--spacing--60);padding-left:var(--wp--preset--spacing--20)\">\n<div class=\"wp-block-column is-layout-flow wp-block-column-is-layout-flow\" style=\"padding-top:0;padding-bottom:0\">\n<div class=\"wp-block-uagb-advanced-heading uagb-block-def40c29\"><h5 class=\"uagb-heading-text\"><strong>Kc4u je ustanovila <strong>mednarodna <\/strong>skupina trenerjev, ki so se odlo\u010dili, da bodo spodbudili pozitivne spremembe v mladinskem \u0161portu in izobra\u017eevanju na podro\u010dju sprint kajaka.<\/strong> <\/h5><\/div>\n<\/div>\n\n\n\n<div class=\"wp-block-column is-layout-flow wp-block-column-is-layout-flow\">\n<div class=\"wp-block-uagb-advanced-heading uagb-block-2afafc60\"><p class=\"uagb-heading-text\">Zasnovan, razvit in izveden s strani trenerjev in \u0161portnikov Kajak kluba Zlatorog (SLO) in Circolo Nautico Oristano (ITA), je Kayak Crews 4 Youth mednarodni projekt, izveden v okviru Erasmus+ Sport. Na\u0161a predana ekipa ima bogate izku\u0161nje pri razvijanju talentov in oblikovanju programov za vse \u2013 od za\u010detnikov, ki se \u0161ele spoznavajo s prvimi zavesljaji, do izku\u0161enih olimpijcev.<\/p><p class=\"uagb-desc-text\"><a href=\"https:\/\/kayakcrews.eu\/sl\/konzorcij\/\" data-type=\"page\" data-id=\"780\">PREBERITE VE\u010c<\/a><\/p><\/div>\n<\/div>\n<\/div>\n<\/div><\/div>\n\n\n\n<div class=\"wp-block-uagb-container uagb-block-b74c6246 alignfull uagb-is-root-container\"><div class=\"uagb-container-inner-blocks-wrap\"><\/div><\/div>\n\n\n\n<div class=\"wp-block-uagb-container uagb-block-c7992d3b alignfull uagb-is-root-container\"><div class=\"uagb-container-inner-blocks-wrap\">\n<div class=\"wp-block-uagb-info-box uagb-block-322fd59a uagb-infobox__content-wrap  uagb-infobox-icon-above-title uagb-infobox-image-valign-top\"><div class=\"uagb-ifb-content\"><div class=\"uagb-ifb-title-wrap\"><span class=\"uagb-ifb-title-prefix\">SPREMENITE STANJE<\/span><h2 class=\"uagb-ifb-title\">Pridru\u017eite se nam pri vklju\u010devanju mladih v \u0161port!<\/h2><\/div><div class=\"uagb-ifb-button-wrapper wp-block-button\"><a href=\"https:\/\/kayakcrews.eu\/resources\/\" class=\"uagb-infobox-cta-link wp-block-button__link\" target=\"_self\" rel=\"noopener noreferrer\" onclick=\"return true;\"><span class=\"uagb-inline-editing\">izobra\u017eevalni viri<\/span><\/a><\/div><\/div><\/div>\n<\/div><\/div>\n","protected":false},"excerpt":{"rendered":"<p>O projektu Kc4u Cilji in naloge projekta Cilj projekta Kc4u je opolnomo\u010diti mlade \u0161portnike, da postanejo ambasadorji bolj zdru\u017eene in vklju\u010dujo\u010de Evrope s kajakom K4, v ekipah me\u0161anih po spolu in narodnosti, hkrati pa pove\u010dati \u0161portno udele\u017ebo mladih in navdihniti ve\u010d \u0161portnikov za tekmovanje v kajakih K4 (kajaki za 4 osebe). Kc4u je s svojimi [&hellip;]<\/p>\n","protected":false},"author":1,"featured_media":0,"parent":0,"menu_order":0,"comment_status":"closed","ping_status":"closed","template":"","meta":{"_uag_custom_page_level_css":"","site-sidebar-layout":"no-sidebar","site-content-layout":"page-builder","ast-site-content-layout":"full-width-container","site-content-style":"unboxed","site-sidebar-style":"unboxed","ast-global-header-display":"","ast-banner-title-visibility":"","ast-main-header-display":"","ast-hfb-above-header-display":"","ast-hfb-below-header-display":"","ast-hfb-mobile-header-display":"","site-post-title":"disabled","ast-breadcrumbs-content":"","ast-featured-img":"disabled","footer-sml-layout":"","ast-disable-related-posts":"","theme-transparent-header-meta":"enabled","adv-header-id-meta":"","stick-header-meta":"","header-above-stick-meta":"","header-main-stick-meta":"","header-below-stick-meta":"","astra-migrate-meta-layouts":"set","ast-page-background-enabled":"default","ast-page-background-meta":{"desktop":{"background-color":"var(--ast-global-color-4)","background-image":"","background-repeat":"repeat","background-position":"center center","background-size":"auto","background-attachment":"scroll","background-type":"","background-media":"","overlay-type":"","overlay-color":"","overlay-opacity":"","overlay-gradient":""},"tablet":{"background-color":"","background-image":"","background-repeat":"repeat","background-position":"center center","background-size":"auto","background-attachment":"scroll","background-type":"","background-media":"","overlay-type":"","overlay-color":"","overlay-opacity":"","overlay-gradient":""},"mobile":{"background-color":"","background-image":"","background-repeat":"repeat","background-position":"center center","background-size":"auto","background-attachment":"scroll","background-type":"","background-media":"","overlay-type":"","overlay-color":"","overlay-opacity":"","overlay-gradient":""}},"ast-content-background-meta":{"desktop":{"background-color":"var(--ast-global-color-5)","background-image":"","background-repeat":"repeat","background-position":"center center","background-size":"auto","background-attachment":"scroll","background-type":"","background-media":"","overlay-type":"","overlay-color":"","overlay-opacity":"","overlay-gradient":""},"tablet":{"background-color":"var(--ast-global-color-5)","background-image":"","background-repeat":"repeat","background-position":"center center","background-size":"auto","background-attachment":"scroll","background-type":"","background-media":"","overlay-type":"","overlay-color":"","overlay-opacity":"","overlay-gradient":""},"mobile":{"background-color":"var(--ast-global-color-5)","background-image":"","background-repeat":"repeat","background-position":"center center","background-size":"auto","background-attachment":"scroll","background-type":"","background-media":"","overlay-type":"","overlay-color":"","overlay-opacity":"","overlay-gradient":""}},"footnotes":""},"class_list":["post-1148","page","type-page","status-publish","hentry"],"uagb_featured_image_src":{"full":false,"thumbnail":false,"medium":false,"medium_large":false,"large":false,"1536x1536":false,"2048x2048":false},"uagb_author_info":{"display_name":"kajakzlatorog@gmail.com","author_link":"https:\/\/kayakcrews.eu\/sl\/author\/kajakzlatoroggmail-com\/"},"uagb_comment_info":0,"uagb_excerpt":"O projektu Kc4u Cilji in naloge projekta Cilj projekta Kc4u je opolnomo\u010diti mlade \u0161portnike, da postanejo ambasadorji bolj zdru\u017eene in vklju\u010dujo\u010de Evrope s kajakom K4, v ekipah me\u0161anih po spolu in narodnosti, hkrati pa pove\u010dati \u0161portno udele\u017ebo mladih in navdihniti ve\u010d \u0161portnikov za tekmovanje v kajakih K4 (kajaki za 4 osebe). Kc4u je s svojimi&hellip;","_links":{"self":[{"href":"https:\/\/kayakcrews.eu\/sl\/wp-json\/wp\/v2\/pages\/1148","targetHints":{"allow":["GET"]}}],"collection":[{"href":"https:\/\/kayakcrews.eu\/sl\/wp-json\/wp\/v2\/pages"}],"about":[{"href":"https:\/\/kayakcrews.eu\/sl\/wp-json\/wp\/v2\/types\/page"}],"author":[{"embeddable":true,"href":"https:\/\/kayakcrews.eu\/sl\/wp-json\/wp\/v2\/users\/1"}],"replies":[{"embeddable":true,"href":"https:\/\/kayakcrews.eu\/sl\/wp-json\/wp\/v2\/comments?post=1148"}],"version-history":[{"count":74,"href":"https:\/\/kayakcrews.eu\/sl\/wp-json\/wp\/v2\/pages\/1148\/revisions"}],"predecessor-version":[{"id":2602,"href":"https:\/\/kayakcrews.eu\/sl\/wp-json\/wp\/v2\/pages\/1148\/revisions\/2602"}],"wp:attachment":[{"href":"https:\/\/kayakcrews.eu\/sl\/wp-json\/wp\/v2\/media?parent=1148"}],"curies":[{"name":"wp","href":"https:\/\/api.w.org\/{rel}","templated":true}]}}