{"id":1175,"date":"2024-12-29T10:49:46","date_gmt":"2024-12-29T10:49:46","guid":{"rendered":"https:\/\/kayakcrews.eu\/domov\/"},"modified":"2025-01-30T22:16:00","modified_gmt":"2025-01-30T22:16:00","slug":"domov","status":"publish","type":"page","link":"https:\/\/kayakcrews.eu\/sl\/","title":{"rendered":"Domov"},"content":{"rendered":"\n<div class=\"wp-block-uagb-container uagb-block-b8392019 alignfull uagb-is-root-container\"><div class=\"uagb-container-inner-blocks-wrap\">\n<div class=\"wp-block-uagb-info-box uagb-block-8d4e7a45 uagb-infobox__content-wrap  uagb-infobox-icon-above-title uagb-infobox-image-valign-top\"><div class=\"uagb-ifb-content\"><div class=\"uagb-ifb-title-wrap\"><h5 class=\"uagb-ifb-title-prefix\">Kayak Crews 4 Youth<\/h5><h1 class=\"uagb-ifb-title\">S \u0161portom gradimo svetlej\u0161o prihodnost<\/h1><\/div><div class=\"uagb-ifb-button-wrapper wp-block-button\"><a href=\"https:\/\/kayakcrews.eu\/about\/\" class=\"uagb-infobox-cta-link wp-block-button__link\" target=\"_self\" rel=\"noopener noreferrer\" onclick=\"return true;\"><span class=\"uagb-inline-editing\">preberi ve\u010d<\/span><\/a><\/div><\/div><\/div>\n<\/div><\/div>\n\n\n\n<div class=\"wp-block-uagb-container uagb-layout-grid uagb-block-d64259e3 alignfull uagb-is-root-container\"><div class=\"uagb-container-inner-blocks-wrap\">\n<div class=\"wp-block-uagb-container uagb-block-74a41009\">\n<div class=\"wp-block-uagb-info-box uagb-block-17da4175 uagb-infobox__content-wrap  uagb-infobox-icon-above-title uagb-infobox-image-valign-top\"><div class=\"uagb-ifb-content\"><div class=\"uagb-ifb-title-wrap\"><h2 class=\"uagb-ifb-title-prefix\">Na\u0161e poslanstvo<\/h2><h5 class=\"uagb-ifb-title\"><br>Opolnomo\u010denje in zdru\u017eevanje mladih  <br><br><\/h5><\/div><p class=\"uagb-ifb-desc\">Cilj Kc4u je opolnomo\u010diti mlade iz razli\u010dnih okolij in ustvariti bolj kohezivno dru\u017ebo s kajaka\u0161tvom v K4, me\u0161anih po narodnosti in spolu, hkrati pa pove\u010dati \u0161portno udele\u017ebo mladih in navdihniti ve\u010d \u0161portnikov za tekmovanje v kajakih K4 (kajaki za 4 osebe).<\/p><div class=\"uagb-ifb-button-wrapper wp-block-button\"><a href=\"https:\/\/kayakcrews.eu\/about\/\" target=\"_self\" onclick=\"return true;\" class=\"uagb-infobox-cta-link\" rel=\"noopener noreferrer\"><span class=\"uagb-inline-editing\">preberi ve\u010d<\/span><\/a><\/div><\/div><\/div>\n<\/div>\n\n\n\n<div class=\"wp-block-uagb-image aligncenter uagb-block-70b40eea wp-block-uagb-image--layout-default wp-block-uagb-image--effect-static wp-block-uagb-image--align-center\"><figure class=\"wp-block-uagb-image__figure\"><img decoding=\"async\" srcset=\"https:\/\/kayakcrews.eu\/wp-content\/uploads\/2025\/01\/Kc4u-home-2.jpg ,https:\/\/kayakcrews.eu\/wp-content\/uploads\/2025\/01\/Kc4u-home-2.jpg 780w, https:\/\/kayakcrews.eu\/wp-content\/uploads\/2025\/01\/Kc4u-home-2.jpg 360w\" sizes=\"auto, (max-width: 480px) 150px\" src=\"https:\/\/kayakcrews.eu\/wp-content\/uploads\/2025\/01\/Kc4u-home-2.jpg\" alt=\"\" class=\"uag-image-1442\" width=\"500\" height=\"750\" title=\"Kc4u home 2\" loading=\"lazy\" role=\"img\"\/><\/figure><\/div>\n<\/div><\/div>\n\n\n\n<div class=\"wp-block-uagb-container uagb-block-a1aa09d9 alignfull uagb-is-root-container\"><div class=\"uagb-container-inner-blocks-wrap\">\n<div class=\"wp-block-uagb-advanced-heading uagb-block-b15d389b\"><h2 class=\"uagb-heading-text\">Na\u0161 projekt<\/h2><\/div>\n\n\n\n<div class=\"wp-block-uagb-separator uagb-block-952a63c4\"><div class=\"wp-block-uagb-separator__inner\" style=\"--my-background-image:\"><\/div><\/div>\n\n\n\n<div class=\"wp-block-uagb-container uagb-block-07b990ea\">\n<div class=\"wp-block-columns is-layout-flex wp-container-core-columns-is-layout-1 wp-block-columns-is-layout-flex\">\n<div class=\"wp-block-column is-layout-flow wp-block-column-is-layout-flow\"><\/div>\n\n\n\n<div class=\"wp-block-column is-layout-flow wp-block-column-is-layout-flow\">\n<div class=\"wp-block-uagb-advanced-heading uagb-block-48b6cab9\"><h5 class=\"uagb-heading-text\">Kc4u je zdru\u017eil ve\u010d kot 750 otrok iz klubov in \u0161ol na slovenskem pode\u017eelju in regionalni Sardiniji (ITA):  <\/h5><\/div>\n\n\n\n<ul class=\"wp-block-list\">\n<li>K4 Dogodki v \u0161oli<\/li>\n\n\n\n<li>Mednarodni kajaka\u0161ki tabori K4<\/li>\n\n\n\n<li>Dnevi odprtih vrat K4<\/li>\n\n\n\n<li>Nacionalni dan in tekmovanje K4 (SLO)<\/li>\n\n\n\n<li>Kulturne, okoljske in jezikovne dejavnosti  <\/li>\n<\/ul>\n\n\n\n<p><strong><a href=\"https:\/\/kayakcrews.eu\/sl\/dejavnosti\/\" data-type=\"page\" data-id=\"368\">PREBERITE VE\u010c<\/a><\/strong><\/p>\n<\/div>\n<\/div>\n\n\n\n<div class=\"wp-block-group is-nowrap is-layout-flex wp-container-core-group-is-layout-1 wp-block-group-is-layout-flex\">\n<div class=\"wp-block-columns is-layout-flex wp-container-core-columns-is-layout-2 wp-block-columns-is-layout-flex\">\n<div class=\"wp-block-column is-layout-flow wp-block-column-is-layout-flow\"><\/div>\n<\/div>\n<\/div>\n<\/div>\n<\/div><\/div>\n\n\n\n<div class=\"wp-block-uagb-container uagb-block-a13ca1bc alignfull uagb-is-root-container\"><div class=\"uagb-container-inner-blocks-wrap\">\n<div class=\"wp-block-uagb-container uagb-block-0733d89a\">\n<div class=\"wp-block-uagb-info-box uagb-block-a687a8a0 uagb-infobox__content-wrap  uagb-infobox-icon-above-title uagb-infobox-image-valign-top\"><div class=\"uagb-ifb-content\"><div class=\"uagb-ifb-title-wrap\"><h4 class=\"uagb-ifb-title\">\u0160olski dogodki<\/h4><\/div><p class=\"uagb-ifb-desc\">V \u0161olah na Sardiniji in v Sloveniji smo izvedli 15  dogodkov s kajaka\u0161i, s katerimi smo pove\u010dali ozave\u0161\u010denost o tem \u0161portu in aktivno vklju\u010dili ve\u010d kot 600 mladih v zabavne ekipne \u0161portne dejavnosti.<\/p><div class=\"uagb-ifb-separator\"><\/div><\/div><\/div>\n<\/div>\n\n\n\n<div class=\"wp-block-uagb-container uagb-block-5220d895\">\n<div class=\"wp-block-uagb-info-box uagb-block-7a59cdf4 uagb-infobox__content-wrap  uagb-infobox-icon-above-title uagb-infobox-image-valign-top\"><div class=\"uagb-ifb-content\"><div class=\"uagb-ifb-title-wrap\"><h4 class=\"uagb-ifb-title\">Mednarodni tabori K4<\/h4><\/div><p class=\"uagb-ifb-desc\">Zimski in poletni mednarodni tabori K4 so potekali v Cabrasu na Sardiniji in na Bohinjskem jezeru v Sloveniji, kjer so udele\u017eenci veslali v posadkah, me\u0161anih po spolu in narodnosti.<\/p><div class=\"uagb-ifb-separator\"><\/div><\/div><\/div>\n<\/div>\n\n\n\n<div class=\"wp-block-uagb-container uagb-block-a5f6a4c9\">\n<div class=\"wp-block-uagb-info-box uagb-block-03e9da57 uagb-infobox__content-wrap  uagb-infobox-icon-above-title uagb-infobox-image-valign-top\"><div class=\"uagb-ifb-content\"><div class=\"uagb-ifb-title-wrap\"><h4 class=\"uagb-ifb-title\">Kultura in skrb za okolje<\/h4><\/div><p class=\"uagb-ifb-desc\">Udele\u017eenci so sodelovali pri kulturnih in okoljskih dejavnostih, vklju\u010dno s \u010di\u0161\u010denjem pla\u017ee, umetni\u0161kimi projekti in ve\u010d izleti, na katerih so raziskovali lokalno zgodovinsko dedi\u0161\u010dino.<\/p><div class=\"uagb-ifb-separator\"><\/div><\/div><\/div>\n<\/div>\n\n\n\n<div class=\"wp-block-uagb-container uagb-block-61a595c8\">\n<div class=\"wp-block-uagb-info-box uagb-block-26a5224f uagb-infobox__content-wrap  uagb-infobox-icon-above-title uagb-infobox-image-valign-top\"><div class=\"uagb-ifb-content\"><div class=\"uagb-ifb-title-wrap\"><h4 class=\"uagb-ifb-title\">U\u010denje tujih jezikov<\/h4><\/div><p class=\"uagb-ifb-desc\">Znanje tujega jezika je bilo izbolj\u0161ano z izvajanjem \u0161tevilnih u\u010dnih dejavnosti, od digitalnih te\u010dajev do osebnih izku\u0161enj.<\/p><div class=\"uagb-ifb-separator\"><\/div><\/div><\/div>\n<\/div>\n<\/div><\/div>\n\n\n\n<div class=\"wp-block-uagb-container uagb-layout-grid uagb-block-d42235a7 alignfull uagb-is-root-container\"><div class=\"uagb-container-inner-blocks-wrap\">\n<div class=\"wp-block-uagb-info-box uagb-block-47818bb0 uagb-infobox__content-wrap  uagb-infobox-icon-above-title uagb-infobox-image-valign-top wp-block-uagb-info-box--has-margin\"><div class=\"uagb-infobox-margin-wrapper\"><div class=\"uagb-ifb-content\"><div class=\"uagb-ifb-title-wrap\"><h2 class=\"uagb-ifb-title\">\u0160tevilke govorijo<\/h2><\/div><p class=\"uagb-ifb-desc\">Projekt Kc4u, ki je projekt programa <em>Erasmus+ Sport<\/em>, je dosegel in v \u0161tevilnih primerih presegel cilje za vse na\u010drtovane dejavnosti. <\/p><\/div><\/div><\/div>\n\n\n\n<div class=\"wp-block-uagb-container uagb-layout-grid uagb-block-6374e6b9\">\n<div class=\"wp-block-uagb-container uagb-block-fe6eff4b\">\n<div class=\"wp-block-uagb-counter uagb-block-8f32089e wp-block-uagb-counter--number\"><div class=\"wp-block-uagb-counter__number\"><span class=\"uagb-counter-block-number\" data-duration=\"1.101\" data-to-value=\"755\" data-from-value=\"0\" data-delimiter=\",\"><\/span><span class=\"uagb-counter-block-suffix\">+<\/span><\/div><div class=\"wp-block-uagb-counter__title\">aktivno sodelujo\u010dih v projektu<\/div><\/div>\n<\/div>\n\n\n\n<div class=\"wp-block-uagb-container uagb-block-7f600e5b\">\n<div class=\"wp-block-uagb-counter uagb-block-01179521 wp-block-uagb-counter--number\"><div class=\"wp-block-uagb-counter__number\"><span class=\"uagb-counter-block-number\" data-duration=\"1.101\" data-to-value=\"581\" data-from-value=\"0\" data-delimiter=\",\"><\/span><\/div><div class=\"wp-block-uagb-counter__title\">sodelujo\u010dih v \u0161olskih dogodkih<\/div><\/div>\n<\/div>\n\n\n\n<div class=\"wp-block-uagb-container uagb-layout-flex uagb-block-6166412a\">\n<div class=\"wp-block-uagb-counter uagb-block-4385469a wp-block-uagb-counter--number\"><div class=\"wp-block-uagb-counter__number\"><span class=\"uagb-counter-block-number\" data-duration=\"1.101\" data-to-value=\"48\" data-from-value=\"0\" data-delimiter=\",\"><\/span><span class=\"uagb-counter-block-suffix\">%<\/span><\/div><div class=\"wp-block-uagb-counter__title\"><strong>sodelujo\u010dih na \u0161olskih dogodkih ni vedelo, da je kajak tekmovalni \u0161port<\/strong><\/div><\/div>\n<\/div>\n\n\n\n<div class=\"wp-block-uagb-container uagb-block-bd15b44a\">\n<div class=\"wp-block-uagb-counter uagb-block-222f3104 wp-block-uagb-counter--number\"><div class=\"wp-block-uagb-counter__number\"><span class=\"uagb-counter-block-number\" data-duration=\"1.101\" data-to-value=\"52\" data-from-value=\"0\" data-delimiter=\",\"><\/span><span class=\"uagb-counter-block-suffix\">%<\/span><\/div><div class=\"wp-block-uagb-counter__title\">sodelujo\u010dih na kajaka\u0161kih taborih je bilo deklic<\/div><\/div>\n<\/div>\n<\/div>\n<\/div><\/div>\n\n\n\n<div class=\"wp-block-uagb-container uagb-block-42265bdb alignfull uagb-is-root-container\"><div class=\"uagb-container-inner-blocks-wrap\">\t\t\t\t\t<div\n\t\t\t\t\t\tclass=\"wp-block-uagb-image-gallery uagb-block-e19dbbf7     \"\n\t\t\t\t\t\tstyle=\"\"\n\t\t\t\t\t>\n\t\t\t\t\t\t\t\t\t\t\t<div class=\"spectra-image-gallery spectra-image-gallery__layout--grid spectra-image-gallery__layout--grid-col-3 spectra-image-gallery__layout--grid-col-tab-3 spectra-image-gallery__layout--grid-col-mob-1\">\n\t\t\t\t\t\t\t\t\t\t\t<div class='spectra-image-gallery__media-wrapper' data-spectra-gallery-image-id='1482' tabindex=\"0\">\n\t\t\t\t\t\t\t<div class=\"spectra-image-gallery__media spectra-image-gallery__media--grid\">\n\t\t\t\t<picture>\n\t\t\t\t\t<source media=\"(min-width: 1024px)\" srcset=\"https:\/\/kayakcrews.eu\/wp-content\/uploads\/2025\/01\/Kc4u-kobarid-2-1.jpg\">\n\t\t\t\t\t<source media=\"(min-width: 768px)\" srcset=\"https:\/\/kayakcrews.eu\/wp-content\/uploads\/2025\/01\/Kc4u-kobarid-2-1.jpg\">\n\t\t\t\t\t<img decoding=\"async\" class=\"spectra-image-gallery__media-thumbnail spectra-image-gallery__media-thumbnail--grid\" src=\"https:\/\/kayakcrews.eu\/wp-content\/uploads\/2025\/01\/Kc4u-kobarid-2-1.jpg\" alt=\"\" loading=\"lazy\" \/>\n\t\t\t\t<\/picture>\n\t\t\t\t<div class=\"spectra-image-gallery__media-thumbnail-blurrer\"><\/div>\n\t\t\t\t\t\t\t\t\t\t\t<div class=\"spectra-image-gallery__media-thumbnail-caption-wrapper spectra-image-gallery__media-thumbnail-caption-wrapper--overlay\"><\/div>\n\t\t\t\t\t\t\t\t<\/div>\n\t\t\t\t\t\t<\/div>\n\t\t\t\t\t\t<div class='spectra-image-gallery__media-wrapper' data-spectra-gallery-image-id='1465' tabindex=\"0\">\n\t\t\t\t\t\t\t<div class=\"spectra-image-gallery__media spectra-image-gallery__media--grid\">\n\t\t\t\t<picture>\n\t\t\t\t\t<source media=\"(min-width: 1024px)\" srcset=\"https:\/\/kayakcrews.eu\/wp-content\/uploads\/2025\/01\/DDK4-5.jpg\">\n\t\t\t\t\t<source media=\"(min-width: 768px)\" srcset=\"https:\/\/kayakcrews.eu\/wp-content\/uploads\/2025\/01\/DDK4-5.jpg\">\n\t\t\t\t\t<img decoding=\"async\" class=\"spectra-image-gallery__media-thumbnail spectra-image-gallery__media-thumbnail--grid\" src=\"https:\/\/kayakcrews.eu\/wp-content\/uploads\/2025\/01\/DDK4-5.jpg\" alt=\"\" loading=\"lazy\" \/>\n\t\t\t\t<\/picture>\n\t\t\t\t<div class=\"spectra-image-gallery__media-thumbnail-blurrer\"><\/div>\n\t\t\t\t\t\t\t\t\t\t\t<div class=\"spectra-image-gallery__media-thumbnail-caption-wrapper spectra-image-gallery__media-thumbnail-caption-wrapper--overlay\"><\/div>\n\t\t\t\t\t\t\t\t<\/div>\n\t\t\t\t\t\t<\/div>\n\t\t\t\t\t\t<div class='spectra-image-gallery__media-wrapper' data-spectra-gallery-image-id='1472' tabindex=\"0\">\n\t\t\t\t\t\t\t<div class=\"spectra-image-gallery__media spectra-image-gallery__media--grid\">\n\t\t\t\t<picture>\n\t\t\t\t\t<source media=\"(min-width: 1024px)\" srcset=\"https:\/\/kayakcrews.eu\/wp-content\/uploads\/2025\/01\/summer-group-1.jpg\">\n\t\t\t\t\t<source media=\"(min-width: 768px)\" srcset=\"https:\/\/kayakcrews.eu\/wp-content\/uploads\/2025\/01\/summer-group-1.jpg\">\n\t\t\t\t\t<img decoding=\"async\" class=\"spectra-image-gallery__media-thumbnail spectra-image-gallery__media-thumbnail--grid\" src=\"https:\/\/kayakcrews.eu\/wp-content\/uploads\/2025\/01\/summer-group-1.jpg\" alt=\"\" loading=\"lazy\" \/>\n\t\t\t\t<\/picture>\n\t\t\t\t<div class=\"spectra-image-gallery__media-thumbnail-blurrer\"><\/div>\n\t\t\t\t\t\t\t\t\t\t\t<div class=\"spectra-image-gallery__media-thumbnail-caption-wrapper spectra-image-gallery__media-thumbnail-caption-wrapper--overlay\"><\/div>\n\t\t\t\t\t\t\t\t<\/div>\n\t\t\t\t\t\t<\/div>\n\t\t\t\t\t\t\t\t\t\t<\/div>\n\t\t\t\t\t\t\t\t\t\t\t\t\t\t\t\t\t\t<\/div>\n\t\t\t\t\t\t\t\t\t<\/div><\/div>\n\n\n\n<div class=\"wp-block-uagb-container uagb-block-c7992d3b alignfull uagb-is-root-container\"><div class=\"uagb-container-inner-blocks-wrap\">\n<div class=\"wp-block-uagb-info-box uagb-block-322fd59a uagb-infobox__content-wrap  uagb-infobox-icon-above-title uagb-infobox-image-valign-top\"><div class=\"uagb-ifb-content\"><div class=\"uagb-ifb-title-wrap\"><span class=\"uagb-ifb-title-prefix\">SPREMINJANJE STANJA<\/span><h2 class=\"uagb-ifb-title\">Pridru\u017eite se nam pri vklju\u010devanju mladih v \u0161port!<\/h2><\/div><div class=\"uagb-ifb-button-wrapper wp-block-button\"><a href=\"https:\/\/kayakcrews.eu\/resources\/\" class=\"uagb-infobox-cta-link wp-block-button__link\" target=\"_self\" rel=\"noopener noreferrer\" onclick=\"return true;\"><span class=\"uagb-inline-editing\">izobra\u017eevalni viri<\/span><\/a><\/div><\/div><\/div>\n<\/div><\/div>\n\n\n\n<p><\/p>\n","protected":false},"excerpt":{"rendered":"<p>Na\u0161 projekt Kc4u je zdru\u017eil ve\u010d kot 750 otrok iz klubov in \u0161ol na slovenskem pode\u017eelju in regionalni Sardiniji (ITA): PREBERITE VE\u010c<\/p>\n","protected":false},"author":1,"featured_media":0,"parent":0,"menu_order":0,"comment_status":"closed","ping_status":"closed","template":"","meta":{"_uag_custom_page_level_css":"","site-sidebar-layout":"no-sidebar","site-content-layout":"page-builder","ast-site-content-layout":"full-width-container","site-content-style":"unboxed","site-sidebar-style":"unboxed","ast-global-header-display":"","ast-banner-title-visibility":"","ast-main-header-display":"","ast-hfb-above-header-display":"","ast-hfb-below-header-display":"","ast-hfb-mobile-header-display":"","site-post-title":"disabled","ast-breadcrumbs-content":"","ast-featured-img":"disabled","footer-sml-layout":"","ast-disable-related-posts":"","theme-transparent-header-meta":"enabled","adv-header-id-meta":"","stick-header-meta":"","header-above-stick-meta":"","header-main-stick-meta":"","header-below-stick-meta":"","astra-migrate-meta-layouts":"set","ast-page-background-enabled":"default","ast-page-background-meta":{"desktop":{"background-color":"var(--ast-global-color-4)","background-image":"","background-repeat":"repeat","background-position":"center center","background-size":"auto","background-attachment":"scroll","background-type":"","background-media":"","overlay-type":"","overlay-color":"","overlay-opacity":"","overlay-gradient":""},"tablet":{"background-color":"","background-image":"","background-repeat":"repeat","background-position":"center center","background-size":"auto","background-attachment":"scroll","background-type":"","background-media":"","overlay-type":"","overlay-color":"","overlay-opacity":"","overlay-gradient":""},"mobile":{"background-color":"","background-image":"","background-repeat":"repeat","background-position":"center center","background-size":"auto","background-attachment":"scroll","background-type":"","background-media":"","overlay-type":"","overlay-color":"","overlay-opacity":"","overlay-gradient":""}},"ast-content-background-meta":{"desktop":{"background-color":"var(--ast-global-color-5)","background-image":"","background-repeat":"repeat","background-position":"center center","background-size":"auto","background-attachment":"scroll","background-type":"","background-media":"","overlay-type":"","overlay-color":"","overlay-opacity":"","overlay-gradient":""},"tablet":{"background-color":"var(--ast-global-color-5)","background-image":"","background-repeat":"repeat","background-position":"center center","background-size":"auto","background-attachment":"scroll","background-type":"","background-media":"","overlay-type":"","overlay-color":"","overlay-opacity":"","overlay-gradient":""},"mobile":{"background-color":"var(--ast-global-color-5)","background-image":"","background-repeat":"repeat","background-position":"center center","background-size":"auto","background-attachment":"scroll","background-type":"","background-media":"","overlay-type":"","overlay-color":"","overlay-opacity":"","overlay-gradient":""}},"footnotes":""},"class_list":["post-1175","page","type-page","status-publish","hentry"],"uagb_featured_image_src":{"full":false,"thumbnail":false,"medium":false,"medium_large":false,"large":false,"1536x1536":false,"2048x2048":false},"uagb_author_info":{"display_name":"kajakzlatorog@gmail.com","author_link":"https:\/\/kayakcrews.eu\/sl\/author\/kajakzlatoroggmail-com\/"},"uagb_comment_info":0,"uagb_excerpt":"Na\u0161 projekt Kc4u je zdru\u017eil ve\u010d kot 750 otrok iz klubov in \u0161ol na slovenskem pode\u017eelju in regionalni Sardiniji (ITA): PREBERITE VE\u010c","_links":{"self":[{"href":"https:\/\/kayakcrews.eu\/sl\/wp-json\/wp\/v2\/pages\/1175","targetHints":{"allow":["GET"]}}],"collection":[{"href":"https:\/\/kayakcrews.eu\/sl\/wp-json\/wp\/v2\/pages"}],"about":[{"href":"https:\/\/kayakcrews.eu\/sl\/wp-json\/wp\/v2\/types\/page"}],"author":[{"embeddable":true,"href":"https:\/\/kayakcrews.eu\/sl\/wp-json\/wp\/v2\/users\/1"}],"replies":[{"embeddable":true,"href":"https:\/\/kayakcrews.eu\/sl\/wp-json\/wp\/v2\/comments?post=1175"}],"version-history":[{"count":19,"href":"https:\/\/kayakcrews.eu\/sl\/wp-json\/wp\/v2\/pages\/1175\/revisions"}],"predecessor-version":[{"id":2598,"href":"https:\/\/kayakcrews.eu\/sl\/wp-json\/wp\/v2\/pages\/1175\/revisions\/2598"}],"wp:attachment":[{"href":"https:\/\/kayakcrews.eu\/sl\/wp-json\/wp\/v2\/media?parent=1175"}],"curies":[{"name":"wp","href":"https:\/\/api.w.org\/{rel}","templated":true}]}}