{"id":1182,"date":"2024-12-29T10:49:46","date_gmt":"2024-12-29T10:49:46","guid":{"rendered":"https:\/\/kayakcrews.eu\/dejavnosti\/"},"modified":"2025-02-05T11:13:41","modified_gmt":"2025-02-05T11:13:41","slug":"dejavnosti","status":"publish","type":"page","link":"https:\/\/kayakcrews.eu\/sl\/dejavnosti\/","title":{"rendered":"Dejavnosti"},"content":{"rendered":"\n<div class=\"wp-block-uagb-container uagb-block-92f3aa19 alignfull uagb-is-root-container\"><div class=\"uagb-container-inner-blocks-wrap\">\n<div class=\"wp-block-uagb-advanced-heading uagb-block-c7b21669\"><h1 class=\"uagb-heading-text\">Kc4u Dejavnosti<\/h1><\/div>\n<\/div><\/div>\n\n<div class=\"wp-block-uagb-container uagb-block-a1aa09d9 alignfull uagb-is-root-container\"><div class=\"uagb-container-inner-blocks-wrap\">\n<div class=\"wp-block-uagb-advanced-heading uagb-block-b15d389b\"><h2 class=\"uagb-heading-text\"><strong>Pomagamo mladim, da dose\u017eejo svoj polni potencial!<\/strong><\/h2><\/div>\n\n\n\n<div class=\"wp-block-uagb-separator uagb-block-952a63c4\"><div class=\"wp-block-uagb-separator__inner\" style=\"--my-background-image:\"><\/div><\/div>\n\n\n\n<div class=\"wp-block-uagb-advanced-heading uagb-block-e132ecf7\"><h5 class=\"uagb-heading-text\">Udele\u017eenci Kc4u iz Slovenije in Italije so se v okviru programa EU<em> Erasmus+ Sport <\/em>od decembra 2023 do avgusta 2024 dru\u017eili v razli\u010dnih dejavnostih.<\/h5><\/div>\n\n\n\n<div class=\"wp-block-uagb-container uagb-block-4f33c2e3\">\n<figure class=\"wp-block-embed is-type-video is-provider-youtube wp-block-embed-youtube wp-embed-aspect-16-9 wp-has-aspect-ratio\"><div class=\"wp-block-embed__wrapper\">\n<iframe loading=\"lazy\" title=\"Introducing Kayak Crews 4 Youth\" width=\"500\" height=\"281\" src=\"https:\/\/www.youtube.com\/embed\/jyl1tcnWg3w?feature=oembed\" frameborder=\"0\" allow=\"accelerometer; autoplay; clipboard-write; encrypted-media; gyroscope; picture-in-picture; web-share\" referrerpolicy=\"strict-origin-when-cross-origin\" allowfullscreen><\/iframe>\n<\/div><\/figure>\n<\/div>\n<\/div><\/div>\n\n<div class=\"wp-block-uagb-container uagb-block-a13ca1bc alignfull uagb-is-root-container\"><div class=\"uagb-container-inner-blocks-wrap\">\n<div class=\"wp-block-uagb-container uagb-block-0733d89a\">\n<div class=\"wp-block-uagb-info-box uagb-block-a687a8a0 uagb-infobox__content-wrap  uagb-infobox-icon-above-title uagb-infobox-image-valign-top\"><div class=\"uagb-ifb-content\"><div class=\"uagb-ifb-title-wrap\"><h3 class=\"uagb-ifb-title\">Kc4u Dogodki v \u0161oli<\/h3><\/div><p class=\"uagb-ifb-desc\"><strong>581 otrok<\/strong> je sodelovalo na 19 prakti\u010dnih dogodkih s kajaka\u0161i v \u0161tirih \u0161olah na Sardiniji in v Sloveniji. Ker <strong>47,8 %<\/strong> udele\u017eencev <strong>ni vedelo<\/strong>, da je kajaka\u0161tvo tekmovalni \u0161port, so ti dogodki pove\u010dali ozave\u0161\u010denost, hkrati pa mlade aktivno vklju\u010dili v zabavne ekipne \u0161portne dejavnosti. <strong>37 \u0161portnikov Kc4u<\/strong> se je udele\u017eilo delavnice za usposabljanje, nato pa so pomagali pri pou\u010devanju svojih vrstnikov na 10 postajah z aktivnostmi. <\/p><div class=\"uagb-ifb-separator\"><\/div><\/div><\/div>\n<\/div>\n\n\n\n<div class=\"wp-block-uagb-container uagb-block-5220d895\">\n<div class=\"wp-block-uagb-info-box uagb-block-7a59cdf4 uagb-infobox__content-wrap  uagb-infobox-icon-above-title uagb-infobox-image-valign-top\"><div class=\"uagb-ifb-content\"><div class=\"uagb-ifb-title-wrap\"><h3 class=\"uagb-ifb-title\">Dnevi odprtih vrat K4<\/h3><\/div><p class=\"uagb-ifb-desc\">V tednih, ki so sledili dogodkom K4 v \u0161oli, so imeli lokalni otroci prilo\u017enost iti na vodo in se brezpla\u010dno preizkusiti v veslanju K4 v Circolo Nautico Oristano in Kajak Klub Zlatorog.<\/p><div class=\"uagb-ifb-separator\"><\/div><\/div><\/div>\n<\/div>\n\n\n\n<div class=\"wp-block-uagb-container uagb-block-a5f6a4c9\">\n<div class=\"wp-block-uagb-info-box uagb-block-03e9da57 uagb-infobox__content-wrap  uagb-infobox-icon-above-title uagb-infobox-image-valign-top\"><div class=\"uagb-ifb-content\"><div class=\"uagb-ifb-title-wrap\"><h3 class=\"uagb-ifb-title\">Nacionalni dan K4<\/h3><\/div><p class=\"uagb-ifb-desc\">Kc4u je ob Bohinjskem jezeru organiziral prvi ve\u010dji K4 dogodek v Sloveniji. Dogodek je zdru\u017eil dopoldanski trening s popoldanskim tekmovanjem K4. Dogodka se je udele\u017eilo 8 slovenskih klubov in CNO z <strong>78 tekmovalci, ki<\/strong> so oblikovali <strong>42<\/strong> posadk K4 za enojni in me\u0161ani spol.    <\/p><div class=\"uagb-ifb-separator\"><\/div><\/div><\/div>\n<\/div>\n\n\n\n<div class=\"wp-block-uagb-container uagb-block-61a595c8\">\n<div class=\"wp-block-uagb-info-box uagb-block-26a5224f uagb-infobox__content-wrap  uagb-infobox-icon-above-title uagb-infobox-image-valign-top\"><div class=\"uagb-ifb-content\"><div class=\"uagb-ifb-title-wrap\"><h3 class=\"uagb-ifb-title\">Mednarodni tabori K4<\/h3><\/div><p class=\"uagb-ifb-desc\">Zimski in poletni mednarodni tabori K4 so udele\u017eencem, starim od 8 do 16 let, predstavljali izziv, da veslajo v me\u0161anih posadkah K4, ki so sestavljene iz predstavnikov razli\u010dnih spolov in narodnosti. Zimskega tabora v Cabrasu (Sardinija) se je udele\u017eilo 16 \u0161portnikov, poletnega tabora ob Bohinjskem jezeru (Slovenija) pa 28 \u0161portnikov. Projekt je bil enakopraven med spoloma, saj je bilo 52 % udele\u017eencev tabora Kc4u \u017eenskega spola.    <\/p><div class=\"uagb-ifb-separator\"><\/div><\/div><\/div>\n<\/div>\n\n\n\n<div class=\"wp-block-uagb-container uagb-block-749fb1c4\">\n<div class=\"wp-block-uagb-info-box uagb-block-565a0a29 uagb-infobox__content-wrap  uagb-infobox-icon-above-title uagb-infobox-image-valign-top\"><div class=\"uagb-ifb-content\"><div class=\"uagb-ifb-title-wrap\"><h3 class=\"uagb-ifb-title\">Okoljske, kulturne in umetni\u0161ke akcije<\/h3><\/div><p class=\"uagb-ifb-desc\">Na \u010di\u0161\u010denju pla\u017ee na Sardiniji je <strong>45 udele\u017eencev<\/strong> zbralo <strong>73 <\/strong>velikih vre\u010d odpadkov in \u0161tevilne druge ve\u010dje predmete. Pod vodstvom lokalnega umetnika <a href=\"https:\/\/www.instagram.com\/andreapala.or\/\" data-type=\"link\" data-id=\"https:\/\/www.instagram.com\/andreapala.or\/\" target=\"_blank\" rel=\"noreferrer noopener\">Andrea Pala<\/a> so udele\u017eenci iz odpadkov, zbranih na pla\u017ei, ustvarjali umetnine. <br\/><br\/>Udele\u017eenci tabora so sodelovali tudi na nate\u010daju za oblikovanje majic ter na ve\u010d kulturnih in okoljskih ekskurzijah.  <br\/><br\/><\/p><div class=\"uagb-ifb-separator\"><\/div><\/div><\/div>\n<\/div>\n\n\n\n<div class=\"wp-block-uagb-container uagb-block-aa0d63b6\">\n<div class=\"wp-block-uagb-info-box uagb-block-472b367f uagb-infobox__content-wrap  uagb-infobox-icon-above-title uagb-infobox-image-valign-top\"><div class=\"uagb-ifb-content\"><div class=\"uagb-ifb-title-wrap\"><h3 class=\"uagb-ifb-title\">U\u010denje tujih jezikov<\/h3><\/div><p class=\"uagb-ifb-desc\">Udele\u017eenci in osebje so med seboj komunicirali v me\u0161anici angle\u0161\u010dine, italijan\u0161\u010dine in sloven\u0161\u010dine. Za bolj\u0161e u\u010denje jezika so udele\u017eenci tabora opravili naslednje dejavnosti: <br\/>&#8211; &#8211; <strong><a href=\"https:\/\/kayakcrews.eu\/sl\/viri\/\" data-type=\"page\" data-id=\"782\">Kc4u Trijezi\u010dni jezikovni te\u010daj kajaka\u0161tva<\/a><\/strong> (aplikacija, ki jo je zasnoval Kc4u ob sodelovanju \u0161portnikov)<br\/>&#8211; spletni te\u010daji <strong>EU Academy<\/strong>, <em>My English A1<\/em> in <em>My Italian A1<\/em><br\/>&#8211; <strong>\u0161ola italijan\u0161\u010dine KKZ<\/strong><br\/>&#8211; <strong>jezikovni kviz<\/strong> Kc4u <strong>v \u017eivo<\/strong><br\/>&#8211; <strong>snemanje<\/strong> trijezi\u010dnih videoposnetkov za dru\u017ebene medije <\/p><div class=\"uagb-ifb-separator\"><\/div><\/div><\/div>\n<\/div>\n<\/div><\/div>\n\n<div class=\"wp-block-uagb-container uagb-block-c8f2cf41 alignfull uagb-is-root-container\"><div class=\"uagb-container-inner-blocks-wrap\">\n<div class=\"wp-block-uagb-advanced-heading uagb-block-fccfbf18\"><h2 class=\"uagb-heading-text\">Na\u0161 vpliv<\/h2><div class=\"uagb-separator\"><\/div><\/div>\n<\/div><\/div>\n\n<div class=\"wp-block-uagb-container uagb-block-d9ef2b6f alignfull uagb-is-root-container\"><div class=\"uagb-container-inner-blocks-wrap\">\n<div class=\"wp-block-uagb-image uagb-block-81d08227 wp-block-uagb-image--layout-default wp-block-uagb-image--effect-static wp-block-uagb-image--align-none\"><figure class=\"wp-block-uagb-image__figure\"><img decoding=\"async\" srcset=\"https:\/\/kayakcrews.eu\/wp-content\/uploads\/2025\/01\/1-2-1.jpg ,https:\/\/kayakcrews.eu\/wp-content\/uploads\/2025\/01\/1-2-1.jpg 780w, https:\/\/kayakcrews.eu\/wp-content\/uploads\/2025\/01\/1-2-1.jpg 360w\" sizes=\"auto, (max-width: 480px) 150px\" src=\"https:\/\/kayakcrews.eu\/wp-content\/uploads\/2025\/01\/1-2-1.jpg\" alt=\"\" class=\"uag-image-1528\" width=\"430\" height=\"500\" title=\"Kc4u Dan odprtih vrat\" loading=\"lazy\" role=\"img\"><\/figure><\/div>\n\n\n\n<div class=\"wp-block-uagb-advanced-heading uagb-block-1d2b29cd\"><h3 class=\"uagb-heading-text\">Prve izku\u0161nje s K4<\/h3><div class=\"uagb-separator\"><\/div><\/div>\n\n\n\n<div class=\"wp-block-uagb-advanced-heading uagb-block-023628b3\"><p class=\"uagb-desc-text\">Kc4u je bil za ve\u010dino slovenskih udele\u017eencev projekta prvo tekmovanje in veslanje v K4-ih. Prav tako je <em>kdo od<\/em> udele\u017eencev prvi\u010d veslal v narodnostno me\u0161anih posadkah. <\/p><\/div>\n<\/div><\/div>\n\n<div class=\"wp-block-uagb-container uagb-block-e82debc1 alignfull uagb-is-root-container\"><div class=\"uagb-container-inner-blocks-wrap\">\n<div class=\"wp-block-uagb-advanced-heading uagb-block-f81670e2\"><h3 class=\"uagb-heading-text\">Novo \u010dezmejno sodelovanje in prijateljstva<\/h3><div class=\"uagb-separator\"><\/div><\/div>\n\n\n\n<div class=\"wp-block-uagb-advanced-heading uagb-block-8924cbaa\"><p class=\"uagb-desc-text\">Spoznavanje novih prijateljev, potovanje v tujino in veslanje v me\u0161ani skupini K4 so bili trije vidiki projekta, ki so jih udele\u017eenci najbolj cenili.<\/p><\/div>\n\n\n\n<div class=\"wp-block-uagb-image uagb-block-a0555acc wp-block-uagb-image--layout-default wp-block-uagb-image--effect-static wp-block-uagb-image--align-none\"><figure class=\"wp-block-uagb-image__figure\"><img decoding=\"async\" srcset=\"https:\/\/kayakcrews.eu\/wp-content\/uploads\/2025\/01\/Untitled-design-8.jpg ,https:\/\/kayakcrews.eu\/wp-content\/uploads\/2025\/01\/Untitled-design-8.jpg 780w, https:\/\/kayakcrews.eu\/wp-content\/uploads\/2025\/01\/Untitled-design-8.jpg 360w\" sizes=\"auto, (max-width: 480px) 150px\" src=\"https:\/\/kayakcrews.eu\/wp-content\/uploads\/2025\/01\/Untitled-design-8.jpg\" alt=\"\" class=\"uag-image-1561\" width=\"430\" height=\"500\" title=\"Kc4u Izlet po Blejskem jezeru\" loading=\"lazy\" role=\"img\"><\/figure><\/div>\n<\/div><\/div>\n\n<div class=\"wp-block-uagb-container uagb-block-39e2af3e alignfull uagb-is-root-container\"><div class=\"uagb-container-inner-blocks-wrap\">\n<div class=\"wp-block-uagb-image uagb-block-35a2e8a0 wp-block-uagb-image--layout-default wp-block-uagb-image--effect-static wp-block-uagb-image--align-none\"><figure class=\"wp-block-uagb-image__figure\"><img decoding=\"async\" srcset=\"https:\/\/kayakcrews.eu\/wp-content\/uploads\/2025\/01\/Kc4u-SLO-kids.jpg ,https:\/\/kayakcrews.eu\/wp-content\/uploads\/2025\/01\/Kc4u-SLO-kids.jpg 780w, https:\/\/kayakcrews.eu\/wp-content\/uploads\/2025\/01\/Kc4u-SLO-kids.jpg 360w\" sizes=\"auto, (max-width: 480px) 150px\" src=\"https:\/\/kayakcrews.eu\/wp-content\/uploads\/2025\/01\/Kc4u-SLO-kids.jpg\" alt=\"\" class=\"uag-image-1550\" width=\"430\" height=\"500\" title=\"Kc4u SLO otroci\" loading=\"lazy\" role=\"img\"><\/figure><\/div>\n\n\n\n<div class=\"wp-block-uagb-advanced-heading uagb-block-c2737b84\"><h3 class=\"uagb-heading-text\">Sanje na dosegu roke za otroke<\/h3><div class=\"uagb-separator\"><\/div><\/div>\n\n\n\n<div class=\"wp-block-uagb-advanced-heading uagb-block-8f5e1c01\"><p class=\"uagb-desc-text\">Kc4u je mladim, ki se soo\u010dajo s \u0161tevilnimi ovirami pri mednarodnih potovanjih in izku\u0161njah, ponudil edinstvene in vznemirljive prilo\u017enosti.<\/p><\/div>\n<\/div><\/div>\n\n<div class=\"wp-block-uagb-container uagb-block-c7992d3b alignfull uagb-is-root-container\"><div class=\"uagb-container-inner-blocks-wrap\">\n<div class=\"wp-block-uagb-info-box uagb-block-322fd59a uagb-infobox__content-wrap  uagb-infobox-icon-above-title uagb-infobox-image-valign-top\"><div class=\"uagb-ifb-content\"><div class=\"uagb-ifb-title-wrap\"><span class=\"uagb-ifb-title-prefix\">NAREDITE RAZLIKO<\/span><h2 class=\"uagb-ifb-title\">Pridru\u017eite se nam pri vklju\u010devanju ve\u010d mladih v \u0161port!<\/h2><\/div><div class=\"uagb-ifb-button-wrapper wp-block-button\"><a href=\"https:\/\/kayakcrews.eu\/sl\/viri\/\" class=\"uagb-infobox-cta-link wp-block-button__link\" target=\"_self\" rel=\"noopener noreferrer\" onclick=\"return true;\"><span class=\"uagb-inline-editing\">Brezpla\u010dni viri<\/span><\/a><\/div><\/div><\/div>\n<\/div><\/div>\n","protected":false},"excerpt":{"rendered":"<p>Kc4u Dejavnosti Pomagamo mladim, da dose\u017eejo svoj polni potencial! Udele\u017eenci Kc4u iz Slovenije in Italije so se v okviru programa EU Erasmus+ Sport od decembra 2023 do avgusta 2024 dru\u017eili v razli\u010dnih dejavnostih. Na\u0161 vpliv Prve izku\u0161nje s K4 Kc4u je bil za ve\u010dino slovenskih udele\u017eencev projekta prvo tekmovanje in veslanje v K4-ih. Prav tako [&hellip;]<\/p>\n","protected":false},"author":1,"featured_media":0,"parent":0,"menu_order":0,"comment_status":"closed","ping_status":"closed","template":"","meta":{"_uag_custom_page_level_css":"","site-sidebar-layout":"no-sidebar","site-content-layout":"page-builder","ast-site-content-layout":"full-width-container","site-content-style":"unboxed","site-sidebar-style":"unboxed","ast-global-header-display":"","ast-banner-title-visibility":"","ast-main-header-display":"","ast-hfb-above-header-display":"","ast-hfb-below-header-display":"","ast-hfb-mobile-header-display":"","site-post-title":"disabled","ast-breadcrumbs-content":"","ast-featured-img":"disabled","footer-sml-layout":"","ast-disable-related-posts":"","theme-transparent-header-meta":"enabled","adv-header-id-meta":"","stick-header-meta":"","header-above-stick-meta":"","header-main-stick-meta":"","header-below-stick-meta":"","astra-migrate-meta-layouts":"set","ast-page-background-enabled":"default","ast-page-background-meta":{"desktop":{"background-color":"var(--ast-global-color-4)","background-image":"","background-repeat":"repeat","background-position":"center center","background-size":"auto","background-attachment":"scroll","background-type":"","background-media":"","overlay-type":"","overlay-color":"","overlay-opacity":"","overlay-gradient":""},"tablet":{"background-color":"","background-image":"","background-repeat":"repeat","background-position":"center center","background-size":"auto","background-attachment":"scroll","background-type":"","background-media":"","overlay-type":"","overlay-color":"","overlay-opacity":"","overlay-gradient":""},"mobile":{"background-color":"","background-image":"","background-repeat":"repeat","background-position":"center center","background-size":"auto","background-attachment":"scroll","background-type":"","background-media":"","overlay-type":"","overlay-color":"","overlay-opacity":"","overlay-gradient":""}},"ast-content-background-meta":{"desktop":{"background-color":"var(--ast-global-color-5)","background-image":"","background-repeat":"repeat","background-position":"center center","background-size":"auto","background-attachment":"scroll","background-type":"","background-media":"","overlay-type":"","overlay-color":"","overlay-opacity":"","overlay-gradient":""},"tablet":{"background-color":"var(--ast-global-color-5)","background-image":"","background-repeat":"repeat","background-position":"center center","background-size":"auto","background-attachment":"scroll","background-type":"","background-media":"","overlay-type":"","overlay-color":"","overlay-opacity":"","overlay-gradient":""},"mobile":{"background-color":"var(--ast-global-color-5)","background-image":"","background-repeat":"repeat","background-position":"center center","background-size":"auto","background-attachment":"scroll","background-type":"","background-media":"","overlay-type":"","overlay-color":"","overlay-opacity":"","overlay-gradient":""}},"footnotes":""},"class_list":["post-1182","page","type-page","status-publish","hentry"],"uagb_featured_image_src":{"full":false,"thumbnail":false,"medium":false,"medium_large":false,"large":false,"1536x1536":false,"2048x2048":false},"uagb_author_info":{"display_name":"kajakzlatorog@gmail.com","author_link":"https:\/\/kayakcrews.eu\/sl\/author\/kajakzlatoroggmail-com\/"},"uagb_comment_info":0,"uagb_excerpt":"Kc4u Dejavnosti Pomagamo mladim, da dose\u017eejo svoj polni potencial! Udele\u017eenci Kc4u iz Slovenije in Italije so se v okviru programa EU Erasmus+ Sport od decembra 2023 do avgusta 2024 dru\u017eili v razli\u010dnih dejavnostih. Na\u0161 vpliv Prve izku\u0161nje s K4 Kc4u je bil za ve\u010dino slovenskih udele\u017eencev projekta prvo tekmovanje in veslanje v K4-ih. Prav tako&hellip;","_links":{"self":[{"href":"https:\/\/kayakcrews.eu\/sl\/wp-json\/wp\/v2\/pages\/1182","targetHints":{"allow":["GET"]}}],"collection":[{"href":"https:\/\/kayakcrews.eu\/sl\/wp-json\/wp\/v2\/pages"}],"about":[{"href":"https:\/\/kayakcrews.eu\/sl\/wp-json\/wp\/v2\/types\/page"}],"author":[{"embeddable":true,"href":"https:\/\/kayakcrews.eu\/sl\/wp-json\/wp\/v2\/users\/1"}],"replies":[{"embeddable":true,"href":"https:\/\/kayakcrews.eu\/sl\/wp-json\/wp\/v2\/comments?post=1182"}],"version-history":[{"count":19,"href":"https:\/\/kayakcrews.eu\/sl\/wp-json\/wp\/v2\/pages\/1182\/revisions"}],"predecessor-version":[{"id":2620,"href":"https:\/\/kayakcrews.eu\/sl\/wp-json\/wp\/v2\/pages\/1182\/revisions\/2620"}],"wp:attachment":[{"href":"https:\/\/kayakcrews.eu\/sl\/wp-json\/wp\/v2\/media?parent=1182"}],"curies":[{"name":"wp","href":"https:\/\/api.w.org\/{rel}","templated":true}]}}